{"id":1491,"date":"2015-12-13T20:05:49","date_gmt":"2015-12-13T20:05:49","guid":{"rendered":"https:\/\/toni-2000-split.com\/apartments\/"},"modified":"2018-02-21T20:02:49","modified_gmt":"2018-02-21T20:02:49","slug":"apartments","status":"publish","type":"page","link":"https:\/\/toni-2000-split.com\/de\/apartments\/","title":{"rendered":"Apartments"},"content":{"rendered":"<p>[vc_row][vc_column]\r\n<!-- #about-page-content -->\r\n<section id=\"about-page-content\">\r\n\t<div class=\"container\">\r\n\t\t<div class=\"row\">\r\n\t\t\t<!-- .about-page-text -->\r\n\t\t\t<div class=\"col-lg-6 col-md-6 about-page-text\">\r\n\t\t\t\t<!-- .section-title -->\r\n\t\t\t\t<div class=\"section-title\">\r\n\t\t\t\t\t<span>Preis ab 45 \u20ac<\/span>\r\n\t\t\t\t\t<h2><span>Beschreibung zu den Apartments<\/span><\/h2>\t\t\t\t\r\n\t\t\t\t<\/div><!-- \/.section-title -->\r\n\t\t\t\t<p>Die sch\u00f6nen klimatisierten 3-Sterne-Apartemens (31m\u00b2) in den oberen Stockwerken sind komplett ausgestattet und bieten sowohl Zweibettzimmer als auch zwei getrennte Einbettzimmer. Die Apartments bieten dar\u00fcberhinaus eine Kochnische (2 Elektro-Kochfelder, K\u00fchlschrank mit K\u00fchl\/Gefrierkombination), Sat-Flachbild TV, WI-FI. Das Badezimmer hat eine Dusche, Waschbecken und Toilette. Handt\u00fccher und Bettw\u00e4sche sind vorhanden.<\/p>\n<p>Jedes Apartement hat einen Balkon mit Panoramameerblick, wo Sie das Fr\u00fchst\u00fcck oder Abendessen mit Sonnenuntergang genie\u00dfen k\u00f6nnen. Sofern Sie mit dem Auto anreisen ist ein Parkplatz (Video-\u00dcberwachung). Haustiere sind leider nicht erlaubt. <\/p>\r\n\t\t\t<\/div><!-- \/.about-page-text -->\r\n\t\t\t<!-- .about-page-image -->\r\n\t\t\t<div class=\"col-lg-6 col-md-6 about-page-image text-right\">\r\n\t\t\t\t<img decoding=\"async\" src=\"https:\/\/toni-2000-split.com\/wp-content\/uploads\/2015\/12\/our-house.png\" alt=\"image\">\r\n\t\t\t<\/div><!-- \/.about-page-image -->\r\n\t\t<\/div>\r\n\t<\/div>\r\n<\/section><!-- \/#about-page-content -->\r\n\r\n[\/vc_column][\/vc_row][vc_row][vc_column]\r\n<!-- #property-highlight -->\r\n<section id=\"property-highlight\" class=\"about-page\">\r\n\t<div class=\"container\">\r\n\t\t<div class=\"row\">\r\n\t\t\t<!-- .full-img -->\r\n\t\t\t<div class=\"col-lg-5 col-md-12 col-sm-12 full-img\">\r\n\t\t\t\t<!-- .img-holder -->\r\n\t\t\t\t<div class=\"img-holder\">\r\n\t\t\t\t\t<img decoding=\"async\" src=\"https:\/\/toni-2000-split.com\/wp-content\/uploads\/2015\/12\/P9231376-1.png\" alt=\"image\">\r\n\t\t\t\t<\/div><!-- \/.img-holder -->\r\n\t\t\t<\/div><!-- \/.full-img -->\r\n\t\t\t<!-- .property-highlight-text -->\r\n\t\t\t<div class=\"col-lg-7 col-md-12 col-sm-12 property-highlight-text\">\r\n\t\t\t\t<!-- .section-title -->\r\n\t\t\t\t<div class=\"section-title\">\r\n\t\t\t\t\t<span>Preis ab 45 \u20ac<\/span>\r\n\t\t\t\t\t<h2><span>Ein paar Worte \u00fcber House<\/span><\/h2>\r\n\t\t\t\t<\/div><!-- \/.section-title -->\r\n\t\t\t\t<!-- .facility-list -->\r\n\t\t\t\t<ul class=\"facility-list\">\r\n\t\t\t\t\t\t\t\t\t\t                        <li><i class=\"fa fa-check-square-o\"><\/i>Wifi<br \/><\/li>\r\n                                            <li><i class=\"fa fa-check-square-o\"><\/i>Satelite TV<br \/><\/li>\r\n                                            <li><i class=\"fa fa-check-square-o\"><\/i>2 Elektrokochfelder<br \/><\/li>\r\n                                            <li><i class=\"fa fa-check-square-o\"><\/i>K\u00fchlschrank mit Gefrierfach<br \/><\/li>\r\n                                            <li><i class=\"fa fa-check-square-o\"><\/i>Kaffeemaschine<br \/><\/li>\r\n                                            <li><i class=\"fa fa-check-square-o\"><\/i>Wasserkocher<br \/><\/li>\r\n                                            <li><i class=\"fa fa-check-square-o\"><\/i>Toaster<br \/><\/li>\r\n                                            <li><i class=\"fa fa-check-square-o\"><\/i>Waschmaschine<br \/><\/li>\r\n                                            <li><i class=\"fa fa-check-square-o\"><\/i>Video\u00fcberwachung<\/li>\r\n                    \t\t\t\t<\/ul><!-- \/.facility-list -->\r\n                \r\n                <ul class=\"facility-list\">\r\n\t\t\t\t\t\t\t\t\t\t                        <li><i class=\"fa fa-check-square-o\"><\/i>Handt\u00fccher und Bettw\u00e4sche sind vorhanden<br \/><\/li>\r\n                                            <li><i class=\"fa fa-check-square-o\"><\/i>Terrasse mit Meerblick<br \/><\/li>\r\n                                            <li><i class=\"fa fa-check-square-o\"><\/i>Parkplatz<br \/><\/li>\r\n                                            <li><i class=\"fa fa-check-square-o\"><\/i>Dusche<br \/><\/li>\r\n                                            <li><i class=\"fa fa-check-square-o\"><\/i>Klima<br \/><\/li>\r\n                                            <li><i class=\"fa fa-check-square-o\"><\/i>Au\u00dfengrill<br \/><\/li>\r\n                                            <li><i class=\"fa fa-check-square-o\"><\/i>Beheizbarer Au\u00dfenpool<br \/><\/li>\r\n                                            <li><i class=\"fa fa-check-square-o\"><\/i>Liegest\u00fchle<\/li>\r\n                    \t\t\t\t<\/ul><!-- \/.facility-list -->\r\n\t\t\t<\/div><!-- \/.property-highlight-text -->\r\n\t\t<\/div>\r\n\t<\/div>\r\n<\/section><!-- \/#property-highlight -->\r\n\r\n[\/vc_column][\/vc_row][vc_row][vc_column]<!-- .call-to-action -->\r\n<section class=\"call-to-action\">\r\n\t<div class=\"container\">\r\n\t\t<div class=\"row\">\r\n\t\t\t<div class=\"col-lg-9 col-md-8 col-sm-8 call-to-action-text\">\r\n\t\t\t\t<h1>Genie\u00dfen Sie Ihren Aufenthalt...Kontaktieren Sie uns!!!<\/h1>\r\n\t\t\t<\/div>\r\n\t\t\t<div class=\"col-lg-3 col-md-4 col-sm-4 call-to-action-button anim-5-all text-center\">\r\n\t\t\t\t<button onclick=\"window.location.href='https:\/\/toni-2000-split.com\/contact-us-2\/'\" >Kontaktiere uns<\/button>\r\n\t\t\t<\/div>\r\n\t\t<\/div>\r\n\t<\/div>\r\n<\/section><!-- \/.call-to-action -->\r\n\r\n[\/vc_column][\/vc_row][vc_row][vc_column]\r\n\r\n<!-- #check-video -->\r\n<section id=\"check-video\" class=\"anim-5-all\">\r\n\t<div class=\"container\">\r\n\t\t<div class=\"row\">\r\n\t\t\t<!-- .check-video-box -->\r\n\t\t\t<div class=\"col-lg-6 col-md-6 check-video-box\">\r\n\t\t\t\t<div class=\"img-holder\">\r\n\t\t\t\t\t<img decoding=\"async\" src=\"https:\/\/toni-2000-split.com\/wp-content\/uploads\/2015\/12\/geo-i-klima-header.jpg\" alt=\"image\">\r\n\t\t\t\t\t<div class=\"content\">\r\n\t\t\t\t\t\t<a class=\"video-fancybox\" title=\"Awesome RealEsate\" href=\"https:\/\/www.youtube.com\/watch?v=UyqXpNtVPjA\"><i class=\"fa fa-play-circle\"><\/i><\/a>\r\n\t\t\t\t\t<\/div>\r\n\t\t\t\t<\/div>\r\n\t\t\t<\/div><!-- \/.check-video-box -->\r\n\t\t\t<!-- .check-video-text -->\r\n\t\t\t<div class=\"col-lg-6 col-md-6 check-video-text\">\r\n\t\t\t\t<!-- .section-title -->\r\n\t\t\t\t<div class=\"section-title\">\r\n\t\t\t\t\t<span>\u00dcber Podstrana<\/span>\r\n\t\t\t\t\t<h2><span>Werfen sie einen blick auf das Video von Podstrana<\/span><\/h2>\r\n\t\t\t\t<\/div><!-- \/.section-title -->\r\n\t\t\t\t<p>Die Landschaftfasetten von Podstrana sind wirklich bemerkenswert: von den Berggipfeln und den s\u00fcdlichen H\u00e4ngen von Perun \u00fcber die Meeresk\u00fcste und das Aquatorium bis hin zur M\u00fcndung und den Ufern des Flusses \u017drnovnica. Das milde Mittelmeerklima und die unber\u00fchrte Natur machen jede Tour oder jeden Aufenthalt in Podstrana zu einem unvergesslichen Erlebnis.<\/p>\r\n\t\t\t\t<a href=\"#\">Mehr inos <\/a>\r\n\t\t\t<\/div><!-- \/.check-video-text -->\r\n\t\t<\/div>\r\n\t<\/div>\r\n<\/section><!-- \/#check-video -->\r\n\r\n[\/vc_column][\/vc_row][vc_row][vc_column]   \r\n   \r\n\r\n\r\n<!-- .featured-option -->\r\n<section class=\"featured-option\">\r\n\t<div class=\"container\">\r\n\t\t<div class=\"row\">\r\n\t\t\t\r\n                        \r\n            <div class=\"col-lg-4 col-md-4 col-sm-4 single-featured-option\">\r\n\t\t\t\t<div class=\"icon-holder\">\r\n                \t<i class=\"fa fa-star\"><\/i>\r\n\t\t\t\t<\/div>\r\n\t\t\t\t<div class=\"content\">\r\n\t\t\t\t\t<h4>Apartments mit 3 Sternen<\/h4>\r\n\t\t\t\t\t<p>Alle komfortablen und klimatisierten 3-Sterne-Apartments (31m2) in den Obergeschossen sind voll ausgestattet.<\/p>\r\n\t\t\t\t<\/div>\r\n\t\t\t<\/div>\r\n            \r\n                        \r\n            <div class=\"col-lg-4 col-md-4 col-sm-4 single-featured-option\">\r\n\t\t\t\t<div class=\"icon-holder\">\r\n                \t<i class=\"fa fa-random\"><\/i>\r\n\t\t\t\t<\/div>\r\n\t\t\t\t<div class=\"content\">\r\n\t\t\t\t\t<h4>Terasse mit Meerblik<\/h4>\r\n\t\t\t\t\t<p>Jedes Apartement verf\u00fcgt \u00fcber eine eigene Terrasse mit Meerblick, auf der Sie Ihr Fr\u00fchst\u00fcck oder Abendessen bei Sonnenuntergang genie\u00dfen k\u00f6nnen.<\/p>\r\n\t\t\t\t<\/div>\r\n\t\t\t<\/div>\r\n            \r\n                        \r\n            <div class=\"col-lg-4 col-md-4 col-sm-4 single-featured-option\">\r\n\t\t\t\t<div class=\"icon-holder\">\r\n                \t<i class=\"fa fa-check\"><\/i>\r\n\t\t\t\t<\/div>\r\n\t\t\t\t<div class=\"content\">\r\n\t\t\t\t\t<h4>Mit allen Annehmlichkeiten<\/h4>\r\n\t\t\t\t\t<p>Au\u00dferdem verf\u00fcgen die Apartements \u00fcber eine gut ausgestattete K\u00fcchenzeile (2 Elektroherde, K\u00fchlschrank mit Gefrierfach), SAT TV&#8220; Flachbildschirm-TV, WI-FI.<\/p>\r\n\t\t\t\t<\/div>\r\n\t\t\t<\/div>\r\n            \r\n            \r\n\t\t<\/div>\r\n\t<\/div>\r\n<\/section><!-- \/.featured-option -->\r\n\r\n\r\n[\/vc_column][\/vc_row]<\/p>\n","protected":false},"excerpt":{"rendered":"<p>[vc_row][vc_column][\/vc_column][\/vc_row][vc_row][vc_column][\/vc_column][\/vc_row][vc_row][vc_column][\/vc_column][\/vc_row][vc_row][vc_column][\/vc_column][\/vc_row][vc_row][vc_column][\/vc_column][\/vc_row]<\/p>\n","protected":false},"author":1,"featured_media":0,"parent":0,"menu_order":0,"comment_status":"open","ping_status":"closed","template":"tpl-visual_composer2.php","meta":{"footnotes":""},"_links":{"self":[{"href":"https:\/\/toni-2000-split.com\/de\/wp-json\/wp\/v2\/pages\/1491"}],"collection":[{"href":"https:\/\/toni-2000-split.com\/de\/wp-json\/wp\/v2\/pages"}],"about":[{"href":"https:\/\/toni-2000-split.com\/de\/wp-json\/wp\/v2\/types\/page"}],"author":[{"embeddable":true,"href":"https:\/\/toni-2000-split.com\/de\/wp-json\/wp\/v2\/users\/1"}],"replies":[{"embeddable":true,"href":"https:\/\/toni-2000-split.com\/de\/wp-json\/wp\/v2\/comments?post=1491"}],"version-history":[{"count":8,"href":"https:\/\/toni-2000-split.com\/de\/wp-json\/wp\/v2\/pages\/1491\/revisions"}],"predecessor-version":[{"id":1793,"href":"https:\/\/toni-2000-split.com\/de\/wp-json\/wp\/v2\/pages\/1491\/revisions\/1793"}],"wp:attachment":[{"href":"https:\/\/toni-2000-split.com\/de\/wp-json\/wp\/v2\/media?parent=1491"}],"curies":[{"name":"wp","href":"https:\/\/api.w.org\/{rel}","templated":true}]}}